{"id":689,"date":"2018-09-18T09:05:39","date_gmt":"2018-09-18T09:05:39","guid":{"rendered":"http:\/\/inspirohome.pl\/?page_id=689"},"modified":"2020-09-17T14:31:38","modified_gmt":"2020-09-17T12:31:38","slug":"services","status":"publish","type":"page","link":"https:\/\/inspirohome.pl\/?page_id=689","title":{"rendered":"Services"},"content":{"rendered":"\t\t<div data-elementor-type=\"wp-post\" data-elementor-id=\"689\" class=\"elementor elementor-689\">\n\t\t\t\t\t\t<div class=\"elementor-inner\">\n\t\t\t\t<div class=\"elementor-section-wrap\">\n\t\t\t\t\t\t\t\t\t<section class=\"elementor-section elementor-top-section elementor-element elementor-element-6cee9f0e elementor-section-boxed elementor-section-height-default elementor-section-height-default\" data-id=\"6cee9f0e\" data-element_type=\"section\" data-settings=\"{&quot;background_background&quot;:&quot;classic&quot;,&quot;_ha_eqh_enable&quot;:false}\">\n\t\t\t\t\t\t<div class=\"elementor-container elementor-column-gap-default\">\n\t\t\t\t\t\t\t<div class=\"elementor-row\">\n\t\t\t\t\t<div class=\"elementor-column elementor-col-100 elementor-top-column elementor-element elementor-element-5a6a2aa\" data-id=\"5a6a2aa\" data-element_type=\"column\">\n\t\t\t<div class=\"elementor-column-wrap elementor-element-populated\">\n\t\t\t\t\t\t\t<div class=\"elementor-widget-wrap\">\n\t\t\t\t\t\t<section class=\"elementor-section elementor-inner-section elementor-element elementor-element-0283083 elementor-section-boxed elementor-section-height-default elementor-section-height-default\" data-id=\"0283083\" data-element_type=\"section\" data-settings=\"{&quot;_ha_eqh_enable&quot;:false}\">\n\t\t\t\t\t\t<div class=\"elementor-container elementor-column-gap-default\">\n\t\t\t\t\t\t\t<div class=\"elementor-row\">\n\t\t\t\t\t<div class=\"elementor-column elementor-col-50 elementor-inner-column elementor-element elementor-element-262c081\" data-id=\"262c081\" data-element_type=\"column\" data-settings=\"{&quot;background_background&quot;:&quot;classic&quot;}\">\n\t\t\t<div class=\"elementor-column-wrap elementor-element-populated\">\n\t\t\t\t\t\t\t<div class=\"elementor-widget-wrap\">\n\t\t\t\t\t\t<div class=\"elementor-element elementor-element-de94647 elementor-widget elementor-widget-heading\" data-id=\"de94647\" data-element_type=\"widget\" data-widget_type=\"heading.default\">\n\t\t\t\t<div class=\"elementor-widget-container\">\n\t\t\t<h3 class=\"elementor-heading-title elementor-size-default\">Us\u0142ugi Bestsellery<\/h3>\t\t<\/div>\n\t\t\t\t<\/div>\n\t\t\t\t<div class=\"elementor-element elementor-element-fd9e410 elementor-widget elementor-widget-text-editor\" data-id=\"fd9e410\" data-element_type=\"widget\" data-widget_type=\"text-editor.default\">\n\t\t\t\t<div class=\"elementor-widget-container\">\n\t\t\t\t\t\t\t\t<div class=\"elementor-text-editor elementor-clearfix\">\n\t\t\t\t<p>W pracy home stagera bardzo istotne jest znalezienie kompromisu, pomi\u0119dzy tym co wizualne, czyli co podoba si\u0119 wi\u0119kszo\u015bci, a tym co mierzalne, czyli \u017ceby bud\u017cet HS mia\u0142 realne prze\u0142o\u017cenie na osi\u0105gni\u0119ty zysk ze sprzeda\u017cy lub najmu nieruchomo\u015bci.<\/p><p>Home stager przygotowuje wn\u0119trza, kt\u00f3re maj\u0105 podoba\u0107 si\u0119 wi\u0119kszo\u015bci klient\u00f3w, jego nadrz\u0119dnym celem ma by\u0107 sprzeda\u017c lub wynajem nieruchomo\u015bci. Tym r\u00f3\u017cni si\u0119 od projektanta czy architekta wn\u0119trz, kt\u00f3ry projektuje dla konkretnej osoby, uwzgl\u0119dniaj\u0105c jej preferencje i gusta, nie koniecznie zbie\u017cne z oczekiwaniami rynku.\u00a0<\/p><p>Home staging jest bardzo rozbudowan\u0105 us\u0142ug\u0105, ale wiele z jej cz\u0119\u015bci mo\u017cesz wykona\u0107 sam, kiedy ju\u017c b\u0119dziesz wiedzia\u0142 co nale\u017cy zrobi\u0107.<\/p><p>W naszej firmie mo\u017cesz tak\u017ce skorzysta\u0107 z r\u00f3\u017cnych us\u0142ug sk\u0142adaj\u0105cych si\u0119 na HS, nie zamawiaj\u0105c ca\u0142kowitej us\u0142ugi HS, takich jak listy zakupowe, home staging do it yourself, basic home staging, fast home staging i inne. Zapytaj o r\u00f3\u017cne formy pomocy z naszej strony.<\/p>\t\t\t\t\t<\/div>\n\t\t\t\t\t\t<\/div>\n\t\t\t\t<\/div>\n\t\t\t\t\t\t<\/div>\n\t\t\t\t\t<\/div>\n\t\t<\/div>\n\t\t\t\t<div class=\"elementor-column elementor-col-50 elementor-inner-column elementor-element elementor-element-fb6271f\" data-id=\"fb6271f\" data-element_type=\"column\">\n\t\t\t<div class=\"elementor-column-wrap\">\n\t\t\t\t\t\t\t<div class=\"elementor-widget-wrap\">\n\t\t\t\t\t\t\t\t<\/div>\n\t\t\t\t\t<\/div>\n\t\t<\/div>\n\t\t\t\t\t\t\t\t<\/div>\n\t\t\t\t\t<\/div>\n\t\t<\/section>\n\t\t\t\t\t\t<\/div>\n\t\t\t\t\t<\/div>\n\t\t<\/div>\n\t\t\t\t\t\t\t\t<\/div>\n\t\t\t\t\t<\/div>\n\t\t<\/section>\n\t\t\t\t<section class=\"elementor-section elementor-top-section elementor-element elementor-element-ee8dc9f elementor-section-height-min-height elementor-section-boxed elementor-section-height-default elementor-section-items-middle\" data-id=\"ee8dc9f\" data-element_type=\"section\" data-settings=\"{&quot;background_background&quot;:&quot;classic&quot;,&quot;_ha_eqh_enable&quot;:false}\">\n\t\t\t\t\t\t<div class=\"elementor-container elementor-column-gap-no\">\n\t\t\t\t\t\t\t<div class=\"elementor-row\">\n\t\t\t\t\t<div class=\"elementor-column elementor-col-66 elementor-top-column elementor-element elementor-element-80cc368\" data-id=\"80cc368\" data-element_type=\"column\">\n\t\t\t<div class=\"elementor-column-wrap elementor-element-populated\">\n\t\t\t\t\t\t\t<div class=\"elementor-widget-wrap\">\n\t\t\t\t\t\t<div class=\"elementor-element elementor-element-c6f8a4e elementor-widget elementor-widget-heading\" data-id=\"c6f8a4e\" data-element_type=\"widget\" data-widget_type=\"heading.default\">\n\t\t\t\t<div class=\"elementor-widget-container\">\n\t\t\t<h3 class=\"elementor-heading-title elementor-size-default\">Kt\u00f3ra us\u0142uga jest dla mnie?     <\/h3>\t\t<\/div>\n\t\t\t\t<\/div>\n\t\t\t\t<div class=\"elementor-element elementor-element-7202b26 elementor-widget__width-initial elementor-widget elementor-widget-text-editor\" data-id=\"7202b26\" data-element_type=\"widget\" data-widget_type=\"text-editor.default\">\n\t\t\t\t<div class=\"elementor-widget-container\">\n\t\t\t\t\t\t\t\t<div class=\"elementor-text-editor elementor-clearfix\">\n\t\t\t\t<p style=\"text-align: left;\">Nasza firma \u015bwiadczy wiele ma\u0142ych us\u0142ug, kt\u00f3re sk\u0142adaj\u0105 si\u0119 na g\u0142\u00f3wn\u0105 us\u0142ug\u0119 Home Stagingu. Pami\u0119tajmy, \u017ce koszt takiej us\u0142ugi zale\u017cy od jej zakresu. Dlatego wychodz\u0105c Wam naprzeciw stworzyli\u015bmy ca\u0142y katalog cz\u0105stkowych us\u0142ug HS, dzi\u0119ki czemu cz\u0119\u015b\u0107 prac mo\u017cecie wykona\u0107 samodzielnie. Wyb\u00f3r nale\u017cy do Ciebie, chcesz zleci\u0107 ca\u0142y zakres us\u0142ug, bo nie masz czasu, ani ochoty si\u0119 wszystkim zajmowa\u0107, jeste\u015bmy &#8211; za, my wsp\u00f3\u0142pracujemy ze specjalistami, kt\u00f3rzy pomog\u0105 zrealizowa\u0107 ca\u0142y projekt.\u00a0<\/p><p><span style=\"font-size: 18pt;\">Zadecyduj &#8220;<strong>Full&#8221; Home Staging<\/strong> czy &#8220;<strong>Do It Yourself<\/strong>\u00a0&#8220;Home Staging?<\/span><\/p><ul><li>na zdj\u0119ciu us\u0142uga &#8220;Fast&#8221; Home Staging<\/li><\/ul>\t\t\t\t\t<\/div>\n\t\t\t\t\t\t<\/div>\n\t\t\t\t<\/div>\n\t\t\t\t\t\t<\/div>\n\t\t\t\t\t<\/div>\n\t\t<\/div>\n\t\t\t\t<div class=\"elementor-column elementor-col-33 elementor-top-column elementor-element elementor-element-3063917\" data-id=\"3063917\" data-element_type=\"column\" data-settings=\"{&quot;background_background&quot;:&quot;classic&quot;}\">\n\t\t\t<div class=\"elementor-column-wrap elementor-element-populated\">\n\t\t\t\t\t\t\t<div class=\"elementor-widget-wrap\">\n\t\t\t\t\t\t<div class=\"elementor-element elementor-element-eb98abf elementor-widget elementor-widget-image\" data-id=\"eb98abf\" data-element_type=\"widget\" data-widget_type=\"image.default\">\n\t\t\t\t<div class=\"elementor-widget-container\">\n\t\t\t\t\t\t\t\t<div class=\"elementor-image\">\n\t\t\t\t\t\t\t\t\t\t\t\t<img width=\"1920\" height=\"2560\" src=\"https:\/\/inspirohome.pl\/wp-content\/uploads\/2020\/08\/IMG_6677-scaled.jpg\" class=\"attachment-full size-full wp-image-1083\" alt=\"\" loading=\"lazy\" srcset=\"https:\/\/inspirohome.pl\/wp-content\/uploads\/2020\/08\/IMG_6677-scaled.jpg 1920w, https:\/\/inspirohome.pl\/wp-content\/uploads\/2020\/08\/IMG_6677-225x300.jpg 225w, https:\/\/inspirohome.pl\/wp-content\/uploads\/2020\/08\/IMG_6677-768x1024.jpg 768w, https:\/\/inspirohome.pl\/wp-content\/uploads\/2020\/08\/IMG_6677-1152x1536.jpg 1152w, https:\/\/inspirohome.pl\/wp-content\/uploads\/2020\/08\/IMG_6677-1536x2048.jpg 1536w, https:\/\/inspirohome.pl\/wp-content\/uploads\/2020\/08\/IMG_6677-600x800.jpg 600w\" sizes=\"(max-width: 1920px) 100vw, 1920px\" \/>\t\t\t\t\t\t\t\t\t\t\t\t\t\t<\/div>\n\t\t\t\t\t\t<\/div>\n\t\t\t\t<\/div>\n\t\t\t\t\t\t<\/div>\n\t\t\t\t\t<\/div>\n\t\t<\/div>\n\t\t\t\t\t\t\t\t<\/div>\n\t\t\t\t\t<\/div>\n\t\t<\/section>\n\t\t\t\t<section class=\"elementor-section elementor-top-section elementor-element elementor-element-53569744 elementor-section-height-full elementor-section-boxed elementor-section-height-default elementor-section-items-middle\" data-id=\"53569744\" data-element_type=\"section\" data-settings=\"{&quot;background_background&quot;:&quot;classic&quot;,&quot;_ha_eqh_enable&quot;:false}\">\n\t\t\t\t\t\t<div class=\"elementor-container elementor-column-gap-no\">\n\t\t\t\t\t\t\t<div class=\"elementor-row\">\n\t\t\t\t\t<div class=\"elementor-column elementor-col-100 elementor-top-column elementor-element elementor-element-5f3a88d3\" data-id=\"5f3a88d3\" data-element_type=\"column\">\n\t\t\t<div class=\"elementor-column-wrap elementor-element-populated\">\n\t\t\t\t\t\t\t<div class=\"elementor-widget-wrap\">\n\t\t\t\t\t\t<div class=\"elementor-element elementor-element-22468906 elementor-widget elementor-widget-heading\" data-id=\"22468906\" data-element_type=\"widget\" data-widget_type=\"heading.default\">\n\t\t\t\t<div class=\"elementor-widget-container\">\n\t\t\t<h3 class=\"elementor-heading-title elementor-size-default\">Bestsellery<\/h3>\t\t<\/div>\n\t\t\t\t<\/div>\n\t\t\t\t<section class=\"elementor-section elementor-inner-section elementor-element elementor-element-546e11c1 elementor-section-boxed elementor-section-height-default elementor-section-height-default\" data-id=\"546e11c1\" data-element_type=\"section\" data-settings=\"{&quot;_ha_eqh_enable&quot;:false}\">\n\t\t\t\t\t\t<div class=\"elementor-container elementor-column-gap-no\">\n\t\t\t\t\t\t\t<div class=\"elementor-row\">\n\t\t\t\t\t<div class=\"elementor-column elementor-col-33 elementor-inner-column elementor-element elementor-element-182144ae\" data-id=\"182144ae\" data-element_type=\"column\">\n\t\t\t<div class=\"elementor-column-wrap elementor-element-populated\">\n\t\t\t\t\t\t\t<div class=\"elementor-widget-wrap\">\n\t\t\t\t\t\t<div class=\"elementor-element elementor-element-81f04f6 elementor-widget elementor-widget-heading\" data-id=\"81f04f6\" data-element_type=\"widget\" data-widget_type=\"heading.default\">\n\t\t\t\t<div class=\"elementor-widget-container\">\n\t\t\t<h6 class=\"elementor-heading-title elementor-size-default\">01.<\/h6>\t\t<\/div>\n\t\t\t\t<\/div>\n\t\t\t\t<div class=\"elementor-element elementor-element-5abcb6ae elementor-widget elementor-widget-heading\" data-id=\"5abcb6ae\" data-element_type=\"widget\" data-widget_type=\"heading.default\">\n\t\t\t\t<div class=\"elementor-widget-container\">\n\t\t\t<h4 class=\"elementor-heading-title elementor-size-default\">Fast Home Staging<\/h4>\t\t<\/div>\n\t\t\t\t<\/div>\n\t\t\t\t<div class=\"elementor-element elementor-element-5c94b40d elementor-widget elementor-widget-text-editor\" data-id=\"5c94b40d\" data-element_type=\"widget\" data-widget_type=\"text-editor.default\">\n\t\t\t\t<div class=\"elementor-widget-container\">\n\t\t\t\t\t\t\t\t<div class=\"elementor-text-editor elementor-clearfix\">\n\t\t\t\t<p>Home stager przygotowuje mieszkanie z zasob\u00f3w klienta, wprowadza niekt\u00f3re modyfikacje, korzystaj\u0105c z neutralnych dodatk\u00f3w zakupionych b\u0105d\u017a wypo\u017cyczonych.<\/p>\t\t\t\t\t<\/div>\n\t\t\t\t\t\t<\/div>\n\t\t\t\t<\/div>\n\t\t\t\t\t\t<\/div>\n\t\t\t\t\t<\/div>\n\t\t<\/div>\n\t\t\t\t<div class=\"elementor-column elementor-col-33 elementor-inner-column elementor-element elementor-element-77281dc6\" data-id=\"77281dc6\" data-element_type=\"column\">\n\t\t\t<div class=\"elementor-column-wrap elementor-element-populated\">\n\t\t\t\t\t\t\t<div class=\"elementor-widget-wrap\">\n\t\t\t\t\t\t<div class=\"elementor-element elementor-element-76b76a5e elementor-widget elementor-widget-heading\" data-id=\"76b76a5e\" data-element_type=\"widget\" data-widget_type=\"heading.default\">\n\t\t\t\t<div class=\"elementor-widget-container\">\n\t\t\t<h6 class=\"elementor-heading-title elementor-size-default\">02.<\/h6>\t\t<\/div>\n\t\t\t\t<\/div>\n\t\t\t\t<div class=\"elementor-element elementor-element-44366da8 elementor-widget elementor-widget-heading\" data-id=\"44366da8\" data-element_type=\"widget\" data-widget_type=\"heading.default\">\n\t\t\t\t<div class=\"elementor-widget-container\">\n\t\t\t<h4 class=\"elementor-heading-title elementor-size-default\">Lista zakupowa<\/h4>\t\t<\/div>\n\t\t\t\t<\/div>\n\t\t\t\t<div class=\"elementor-element elementor-element-69bcc625 elementor-widget elementor-widget-text-editor\" data-id=\"69bcc625\" data-element_type=\"widget\" data-widget_type=\"text-editor.default\">\n\t\t\t\t<div class=\"elementor-widget-container\">\n\t\t\t\t\t\t\t\t<div class=\"elementor-text-editor elementor-clearfix\">\n\t\t\t\t<p>Klient otrzymuje list\u0119 zakupow\u0105, w kt\u00f3rej znajduj\u0105 si\u0119 dekoracje, meble, dodatki, ro\u015bliny itp, potrzebne dla przygotowania fina\u0142owego Home Stagingu w jego nieruchomo\u015bci.<\/p>\t\t\t\t\t<\/div>\n\t\t\t\t\t\t<\/div>\n\t\t\t\t<\/div>\n\t\t\t\t\t\t<\/div>\n\t\t\t\t\t<\/div>\n\t\t<\/div>\n\t\t\t\t<div class=\"elementor-column elementor-col-33 elementor-inner-column elementor-element elementor-element-465e8f28\" data-id=\"465e8f28\" data-element_type=\"column\">\n\t\t\t<div class=\"elementor-column-wrap elementor-element-populated\">\n\t\t\t\t\t\t\t<div class=\"elementor-widget-wrap\">\n\t\t\t\t\t\t<div class=\"elementor-element elementor-element-cff0fe elementor-widget elementor-widget-heading\" data-id=\"cff0fe\" data-element_type=\"widget\" data-widget_type=\"heading.default\">\n\t\t\t\t<div class=\"elementor-widget-container\">\n\t\t\t<h6 class=\"elementor-heading-title elementor-size-default\">03.<\/h6>\t\t<\/div>\n\t\t\t\t<\/div>\n\t\t\t\t<div class=\"elementor-element elementor-element-135d44f0 elementor-widget elementor-widget-heading\" data-id=\"135d44f0\" data-element_type=\"widget\" data-widget_type=\"heading.default\">\n\t\t\t\t<div class=\"elementor-widget-container\">\n\t\t\t<h4 class=\"elementor-heading-title elementor-size-default\">Final Home staging<\/h4>\t\t<\/div>\n\t\t\t\t<\/div>\n\t\t\t\t<div class=\"elementor-element elementor-element-29237a33 elementor-widget elementor-widget-text-editor\" data-id=\"29237a33\" data-element_type=\"widget\" data-widget_type=\"text-editor.default\">\n\t\t\t\t<div class=\"elementor-widget-container\">\n\t\t\t\t\t\t\t\t<div class=\"elementor-text-editor elementor-clearfix\">\n\t\t\t\t<p>Home stager, jako dodatkowe r\u0119ce do pomocy, przyje\u017cd\u017ca na sam fina\u0142, kiedy mieszkanie jest ju\u017c gotowe, wprowadza ostatnie poprawki, jest obecny podczas sesji zdj\u0119ciowej, na bie\u017c\u0105co reaguje na zmiany.<\/p>\t\t\t\t\t<\/div>\n\t\t\t\t\t\t<\/div>\n\t\t\t\t<\/div>\n\t\t\t\t\t\t<\/div>\n\t\t\t\t\t<\/div>\n\t\t<\/div>\n\t\t\t\t\t\t\t\t<\/div>\n\t\t\t\t\t<\/div>\n\t\t<\/section>\n\t\t\t\t<section class=\"elementor-section elementor-inner-section elementor-element elementor-element-65d9301c elementor-section-boxed elementor-section-height-default elementor-section-height-default\" data-id=\"65d9301c\" data-element_type=\"section\" data-settings=\"{&quot;_ha_eqh_enable&quot;:false}\">\n\t\t\t\t\t\t<div class=\"elementor-container elementor-column-gap-no\">\n\t\t\t\t\t\t\t<div class=\"elementor-row\">\n\t\t\t\t\t<div class=\"elementor-column elementor-col-33 elementor-inner-column elementor-element elementor-element-10e4c51b\" data-id=\"10e4c51b\" data-element_type=\"column\">\n\t\t\t<div class=\"elementor-column-wrap elementor-element-populated\">\n\t\t\t\t\t\t\t<div class=\"elementor-widget-wrap\">\n\t\t\t\t\t\t<div class=\"elementor-element elementor-element-2627fb6b elementor-widget elementor-widget-heading\" data-id=\"2627fb6b\" data-element_type=\"widget\" data-widget_type=\"heading.default\">\n\t\t\t\t<div class=\"elementor-widget-container\">\n\t\t\t<h6 class=\"elementor-heading-title elementor-size-default\">04.<\/h6>\t\t<\/div>\n\t\t\t\t<\/div>\n\t\t\t\t<div class=\"elementor-element elementor-element-35168a8f elementor-widget elementor-widget-heading\" data-id=\"35168a8f\" data-element_type=\"widget\" data-widget_type=\"heading.default\">\n\t\t\t\t<div class=\"elementor-widget-container\">\n\t\t\t<h4 class=\"elementor-heading-title elementor-size-default\">Do it Yourself<\/h4>\t\t<\/div>\n\t\t\t\t<\/div>\n\t\t\t\t<div class=\"elementor-element elementor-element-408b8a4d elementor-widget elementor-widget-text-editor\" data-id=\"408b8a4d\" data-element_type=\"widget\" data-widget_type=\"text-editor.default\">\n\t\t\t\t<div class=\"elementor-widget-container\">\n\t\t\t\t\t\t\t\t<div class=\"elementor-text-editor elementor-clearfix\">\n\t\t\t\t<p>Home stager informuje klienta o koniecznym zakresie zmian w mieszkaniu, prowadzi \u00a0klienta za r\u0119k\u0119, \u017ceby by\u0142 w stanie sam przygotowa\u0107 swoje mieszkanie.<\/p>\t\t\t\t\t<\/div>\n\t\t\t\t\t\t<\/div>\n\t\t\t\t<\/div>\n\t\t\t\t\t\t<\/div>\n\t\t\t\t\t<\/div>\n\t\t<\/div>\n\t\t\t\t<div class=\"elementor-column elementor-col-33 elementor-inner-column elementor-element elementor-element-516d54e8\" data-id=\"516d54e8\" data-element_type=\"column\">\n\t\t\t<div class=\"elementor-column-wrap elementor-element-populated\">\n\t\t\t\t\t\t\t<div class=\"elementor-widget-wrap\">\n\t\t\t\t\t\t<div class=\"elementor-element elementor-element-39293386 elementor-widget elementor-widget-heading\" data-id=\"39293386\" data-element_type=\"widget\" data-widget_type=\"heading.default\">\n\t\t\t\t<div class=\"elementor-widget-container\">\n\t\t\t<h6 class=\"elementor-heading-title elementor-size-default\">05.<\/h6>\t\t<\/div>\n\t\t\t\t<\/div>\n\t\t\t\t<div class=\"elementor-element elementor-element-1095ba71 elementor-widget elementor-widget-heading\" data-id=\"1095ba71\" data-element_type=\"widget\" data-widget_type=\"heading.default\">\n\t\t\t\t<div class=\"elementor-widget-container\">\n\t\t\t<h4 class=\"elementor-heading-title elementor-size-default\">Full Home staging<\/h4>\t\t<\/div>\n\t\t\t\t<\/div>\n\t\t\t\t<div class=\"elementor-element elementor-element-263692 elementor-widget elementor-widget-text-editor\" data-id=\"263692\" data-element_type=\"widget\" data-widget_type=\"text-editor.default\">\n\t\t\t\t<div class=\"elementor-widget-container\">\n\t\t\t\t\t\t\t\t<div class=\"elementor-text-editor elementor-clearfix\">\n\t\t\t\t<p>Home stager od pocz\u0105tku uczestniczy w procesie zmian, tworzy koncept, listy zakupowe, dokonuje zakupu wszystkich niezb\u0119dnych dodatk\u00f3w i mebli, organizuje transport, ma nadz\u00f3r nad remontem, organizuje ekip\u0119 porz\u0105dkow\u0105, przeprowadza ca\u0142y HS, organizuje sesj\u0119 zdj\u0119ciow\u0105, wybiera zdj\u0119cia do og\u0142oszenia, tworzy og\u0142oszenie.<\/p>\t\t\t\t\t<\/div>\n\t\t\t\t\t\t<\/div>\n\t\t\t\t<\/div>\n\t\t\t\t\t\t<\/div>\n\t\t\t\t\t<\/div>\n\t\t<\/div>\n\t\t\t\t<div class=\"elementor-column elementor-col-33 elementor-inner-column elementor-element elementor-element-4cbc6b98\" data-id=\"4cbc6b98\" data-element_type=\"column\">\n\t\t\t<div class=\"elementor-column-wrap elementor-element-populated\">\n\t\t\t\t\t\t\t<div class=\"elementor-widget-wrap\">\n\t\t\t\t\t\t<div class=\"elementor-element elementor-element-39ea3a9 elementor-widget elementor-widget-heading\" data-id=\"39ea3a9\" data-element_type=\"widget\" data-widget_type=\"heading.default\">\n\t\t\t\t<div class=\"elementor-widget-container\">\n\t\t\t<h6 class=\"elementor-heading-title elementor-size-default\">06.<\/h6>\t\t<\/div>\n\t\t\t\t<\/div>\n\t\t\t\t<div class=\"elementor-element elementor-element-3d8de5e4 elementor-widget elementor-widget-heading\" data-id=\"3d8de5e4\" data-element_type=\"widget\" data-widget_type=\"heading.default\">\n\t\t\t\t<div class=\"elementor-widget-container\">\n\t\t\t<h4 class=\"elementor-heading-title elementor-size-default\">Masz pytania?<\/h4>\t\t<\/div>\n\t\t\t\t<\/div>\n\t\t\t\t<div class=\"elementor-element elementor-element-67cfa334 elementor-widget elementor-widget-button\" data-id=\"67cfa334\" data-element_type=\"widget\" data-widget_type=\"button.default\">\n\t\t\t\t<div class=\"elementor-widget-container\">\n\t\t\t\t\t<div class=\"elementor-button-wrapper\">\n\t\t\t<a href=\"https:\/\/inspirohome.pl\/?page_id=688\" class=\"elementor-button-link elementor-button elementor-size-sm\" role=\"button\">\n\t\t\t\t\t\t<span class=\"elementor-button-content-wrapper\">\n\t\t\t\t\t\t\t<span class=\"elementor-button-icon elementor-align-icon-right\">\n\t\t\t\t<i aria-hidden=\"true\" class=\"fas fa-long-arrow-alt-right\"><\/i>\t\t\t<\/span>\n\t\t\t\t\t\t<span class=\"elementor-button-text\">Zadzwo\u0144 lub napisz<\/span>\n\t\t<\/span>\n\t\t\t\t\t<\/a>\n\t\t<\/div>\n\t\t\t\t<\/div>\n\t\t\t\t<\/div>\n\t\t\t\t\t\t<\/div>\n\t\t\t\t\t<\/div>\n\t\t<\/div>\n\t\t\t\t\t\t\t\t<\/div>\n\t\t\t\t\t<\/div>\n\t\t<\/section>\n\t\t\t\t\t\t<\/div>\n\t\t\t\t\t<\/div>\n\t\t<\/div>\n\t\t\t\t\t\t\t\t<\/div>\n\t\t\t\t\t<\/div>\n\t\t<\/section>\n\t\t\t\t\t\t\t\t\t<\/div>\n\t\t\t<\/div>\n\t\t\t\t\t<\/div>\n\t\t","protected":false},"excerpt":{"rendered":"<p>Us\u0142ugi Bestsellery W pracy home stagera bardzo istotne jest znalezienie kompromisu, pomi\u0119dzy tym co wizualne, czyli co podoba si\u0119 wi\u0119kszo\u015bci, a tym co mierzalne, czyli \u017ceby bud\u017cet HS mia\u0142 realne prze\u0142o\u017cenie na osi\u0105gni\u0119ty zysk ze sprzeda\u017cy lub najmu nieruchomo\u015bci. Home stager przygotowuje wn\u0119trza, kt\u00f3re maj\u0105 podoba\u0107 si\u0119 wi\u0119kszo\u015bci klient\u00f3w, jego nadrz\u0119dnym celem ma by\u0107 sprzeda\u017c &hellip;<\/p>\n<p class=\"read-more\"> <a class=\"\" href=\"https:\/\/inspirohome.pl\/?page_id=689\"> <span class=\"screen-reader-text\">Services<\/span> Read More &raquo;<\/a><\/p>\n","protected":false},"author":1,"featured_media":0,"parent":0,"menu_order":0,"comment_status":"closed","ping_status":"closed","template":"","meta":{"spay_email":""},"_links":{"self":[{"href":"https:\/\/inspirohome.pl\/index.php?rest_route=\/wp\/v2\/pages\/689"}],"collection":[{"href":"https:\/\/inspirohome.pl\/index.php?rest_route=\/wp\/v2\/pages"}],"about":[{"href":"https:\/\/inspirohome.pl\/index.php?rest_route=\/wp\/v2\/types\/page"}],"author":[{"embeddable":true,"href":"https:\/\/inspirohome.pl\/index.php?rest_route=\/wp\/v2\/users\/1"}],"replies":[{"embeddable":true,"href":"https:\/\/inspirohome.pl\/index.php?rest_route=%2Fwp%2Fv2%2Fcomments&post=689"}],"version-history":[{"count":116,"href":"https:\/\/inspirohome.pl\/index.php?rest_route=\/wp\/v2\/pages\/689\/revisions"}],"predecessor-version":[{"id":1658,"href":"https:\/\/inspirohome.pl\/index.php?rest_route=\/wp\/v2\/pages\/689\/revisions\/1658"}],"wp:attachment":[{"href":"https:\/\/inspirohome.pl\/index.php?rest_route=%2Fwp%2Fv2%2Fmedia&parent=689"}],"curies":[{"name":"wp","href":"https:\/\/api.w.org\/{rel}","templated":true}]}}