{"id":1676,"date":"2020-09-22T19:33:30","date_gmt":"2020-09-22T17:33:30","guid":{"rendered":"https:\/\/inspirohome.pl\/?post_type=product&#038;p=1676"},"modified":"2021-05-03T11:22:51","modified_gmt":"2021-05-03T09:22:51","slug":"fotel-366-proj-j-chierowski","status":"publish","type":"product","link":"https:\/\/inspirohome.pl\/?product=fotel-366-proj-j-chierowski","title":{"rendered":"Fotel typ 366  proj. J.Chierowski szara jasna jode\u0142ka"},"content":{"rendered":"","protected":false},"excerpt":{"rendered":"<p>Kolor szary, jasna jode\u0142ka w stylu vintage. Fotel typ 366 proj. J.Chierowskiego po ca\u0142kowitej renowacji stolarsko &#8211; tapicerskiej.<\/p>\n","protected":false},"featured_media":1679,"comment_status":"open","ping_status":"closed","template":"","meta":{"spay_email":""},"product_cat":[19],"product_tag":[],"_links":{"self":[{"href":"https:\/\/inspirohome.pl\/index.php?rest_route=\/wp\/v2\/product\/1676"}],"collection":[{"href":"https:\/\/inspirohome.pl\/index.php?rest_route=\/wp\/v2\/product"}],"about":[{"href":"https:\/\/inspirohome.pl\/index.php?rest_route=\/wp\/v2\/types\/product"}],"replies":[{"embeddable":true,"href":"https:\/\/inspirohome.pl\/index.php?rest_route=%2Fwp%2Fv2%2Fcomments&post=1676"}],"wp:featuredmedia":[{"embeddable":true,"href":"https:\/\/inspirohome.pl\/index.php?rest_route=\/wp\/v2\/media\/1679"}],"wp:attachment":[{"href":"https:\/\/inspirohome.pl\/index.php?rest_route=%2Fwp%2Fv2%2Fmedia&parent=1676"}],"wp:term":[{"taxonomy":"product_cat","embeddable":true,"href":"https:\/\/inspirohome.pl\/index.php?rest_route=%2Fwp%2Fv2%2Fproduct_cat&post=1676"},{"taxonomy":"product_tag","embeddable":true,"href":"https:\/\/inspirohome.pl\/index.php?rest_route=%2Fwp%2Fv2%2Fproduct_tag&post=1676"}],"curies":[{"name":"wp","href":"https:\/\/api.w.org\/{rel}","templated":true}]}}