{"id":1759,"date":"2020-11-14T20:47:11","date_gmt":"2020-11-14T19:47:11","guid":{"rendered":"https:\/\/inspirohome.pl\/?post_type=product&#038;p=1759"},"modified":"2021-05-03T11:22:50","modified_gmt":"2021-05-03T09:22:50","slug":"fotel-model-300-190-proj-h-lis-3","status":"publish","type":"product","link":"https:\/\/inspirohome.pl\/?product=fotel-model-300-190-proj-h-lis-3","title":{"rendered":"Fotel model 300-190 proj. H.Lis szara jasna jode\u0142ka"},"content":{"rendered":"","protected":false},"excerpt":{"rendered":"<p>Kolor jasny szary, jode\u0142ka. Fotel typ 300-190 proj. H.Lis po ca\u0142kowitej renowacji stolarsko &#8211; tapicerskiej.<\/p>\n","protected":false},"featured_media":1760,"comment_status":"open","ping_status":"closed","template":"","meta":{"spay_email":""},"product_cat":[19],"product_tag":[24,23],"_links":{"self":[{"href":"https:\/\/inspirohome.pl\/index.php?rest_route=\/wp\/v2\/product\/1759"}],"collection":[{"href":"https:\/\/inspirohome.pl\/index.php?rest_route=\/wp\/v2\/product"}],"about":[{"href":"https:\/\/inspirohome.pl\/index.php?rest_route=\/wp\/v2\/types\/product"}],"replies":[{"embeddable":true,"href":"https:\/\/inspirohome.pl\/index.php?rest_route=%2Fwp%2Fv2%2Fcomments&post=1759"}],"wp:featuredmedia":[{"embeddable":true,"href":"https:\/\/inspirohome.pl\/index.php?rest_route=\/wp\/v2\/media\/1760"}],"wp:attachment":[{"href":"https:\/\/inspirohome.pl\/index.php?rest_route=%2Fwp%2Fv2%2Fmedia&parent=1759"}],"wp:term":[{"taxonomy":"product_cat","embeddable":true,"href":"https:\/\/inspirohome.pl\/index.php?rest_route=%2Fwp%2Fv2%2Fproduct_cat&post=1759"},{"taxonomy":"product_tag","embeddable":true,"href":"https:\/\/inspirohome.pl\/index.php?rest_route=%2Fwp%2Fv2%2Fproduct_tag&post=1759"}],"curies":[{"name":"wp","href":"https:\/\/api.w.org\/{rel}","templated":true}]}}